{"id":46,"date":"2018-12-22T23:44:52","date_gmt":"2018-12-22T22:44:52","guid":{"rendered":"https:\/\/www.satzteam-bleifrei.de\/?page_id=46"},"modified":"2021-01-10T15:52:33","modified_gmt":"2021-01-10T14:52:33","slug":"start","status":"publish","type":"page","link":"https:\/\/www.satzteam-bleifrei.de\/","title":{"rendered":"Start"},"content":{"rendered":"<p><img loading=\"lazy\" decoding=\"async\" class=\"alignnone wp-image-217 size-full\" src=\"https:\/\/www.satzteam-bleifrei.de\/wp-content\/uploads\/2019\/01\/header2_fliegendeBuecher.png\" alt=\"\" width=\"798\" height=\"254\" srcset=\"https:\/\/www.satzteam-bleifrei.de\/wp-content\/uploads\/2019\/01\/header2_fliegendeBuecher.png 798w, https:\/\/www.satzteam-bleifrei.de\/wp-content\/uploads\/2019\/01\/header2_fliegendeBuecher-300x95.png 300w, https:\/\/www.satzteam-bleifrei.de\/wp-content\/uploads\/2019\/01\/header2_fliegendeBuecher-768x244.png 768w\" sizes=\"auto, (max-width: 798px) 100vw, 798px\" \/><\/p>\n<h1>IHR PARTNER F\u00dcR DIE DRUCKVORSTUFE<\/h1>\n<article id=\"teaser\">\n<h3>Wir setzen f\u00fcr Sie:<br \/>\nB\u00fccher, Brosch\u00fcren, Flyer, Vereinszeitschriften,<br \/>\neditierbare Lehrermaterialien, u.v.m.<\/h3>\n<p><i>\u2013 einfach alles, was Sie professionell gesetzt haben wollen.<\/i><\/p>\n\n<table id=\"tablepress-1\" class=\"tablepress tablepress-id-1\">\n<tbody>\n<tr class=\"row-1\">\n\t<td class=\"column-1\"><a href=\"https:\/\/www.satzteam-bleifrei.de\/?page_id=77\"><img loading=\"lazy\" decoding=\"async\"  src=\"https:\/\/www.satzteam-bleifrei.de\/wp-content\/uploads\/2020\/02\/satzLayout_transparent.png\" alt=\"\" width=\"127\" height=\"127\"\/><\/a><br \/>\nSATZ &amp; LAYOUT<\/td><td class=\"column-2\"><\/td><td class=\"column-3\"><a href=\"https:\/\/www.satzteam-bleifrei.de\/?page_id=79\"><img loading=\"lazy\" decoding=\"async\" src=\"https:\/\/www.satzteam-bleifrei.de\/wp-content\/uploads\/2020\/02\/tastatur_transparent.png\" alt=\"\" width=\"127\" height=\"127\" \/><\/a><br \/>\nDATENERFASSUNG<\/td>\n<\/tr>\n<\/tbody>\n<\/table>\n<!-- #tablepress-1 from cache -->\n\n<table id=\"tablepress-2\" class=\"tablepress tablepress-id-2\">\n<tbody>\n<tr class=\"row-1\">\n\t<td class=\"column-1\"><img decoding=\"async\" class=\"wp-image-40 size-full alignleft\" padding-left: 10px; src=\"https:\/\/www.satzteam-bleifrei.de\/wp-content\/uploads\/2018\/12\/telefon.png\" \/><\/td><td class=\"column-2\"><span style=\"color: #ffffff;\">Rufen Sie uns einfach an:<\/span><br \/>\n<strong><span style=\"color: #ffffff;\">TELEFON: (0 51 21) 7 58 36 18<\/span><\/strong><\/td><td class=\"column-3\"><img decoding=\"async\" class=\"wp-image-40 size-full alignleft\" src=\"https:\/\/www.satzteam-bleifrei.de\/wp-content\/uploads\/2018\/12\/brief.png\" \/><\/td><td class=\"column-4\"><span style=\"color: #ffffff;\">Oder schreiben Sie uns eine E-Mail:<br \/>\n<a href=\"mailto:info@satzteam-bleifrei.de?subject=Anfrage \u00fcber ihre Webseite\"><span style=\"color: #ffffff;\"><strong>INFO@SATZTEAM-BLEIFREI.DE<\/strong><\/span><\/a><\/td>\n<\/tr>\n<\/tbody>\n<\/table>\n<!-- #tablepress-2 from cache -->\n<\/article>\n","protected":false},"excerpt":{"rendered":"<p>IHR PARTNER F\u00dcR DIE DRUCKVORSTUFE Wir setzen f\u00fcr Sie: B\u00fccher, Brosch\u00fcren, Flyer, Vereinszeitschriften, editierbare Lehrermaterialien, u.v.m. \u2013 einfach alles, was Sie professionell gesetzt haben wollen.<\/p>\n","protected":false},"author":1,"featured_media":0,"parent":0,"menu_order":0,"comment_status":"closed","ping_status":"closed","template":"","meta":{"footnotes":""},"class_list":["post-46","page","type-page","status-publish","hentry","entry"],"_links":{"self":[{"href":"https:\/\/www.satzteam-bleifrei.de\/index.php?rest_route=\/wp\/v2\/pages\/46","targetHints":{"allow":["GET"]}}],"collection":[{"href":"https:\/\/www.satzteam-bleifrei.de\/index.php?rest_route=\/wp\/v2\/pages"}],"about":[{"href":"https:\/\/www.satzteam-bleifrei.de\/index.php?rest_route=\/wp\/v2\/types\/page"}],"author":[{"embeddable":true,"href":"https:\/\/www.satzteam-bleifrei.de\/index.php?rest_route=\/wp\/v2\/users\/1"}],"replies":[{"embeddable":true,"href":"https:\/\/www.satzteam-bleifrei.de\/index.php?rest_route=%2Fwp%2Fv2%2Fcomments&post=46"}],"version-history":[{"count":30,"href":"https:\/\/www.satzteam-bleifrei.de\/index.php?rest_route=\/wp\/v2\/pages\/46\/revisions"}],"predecessor-version":[{"id":330,"href":"https:\/\/www.satzteam-bleifrei.de\/index.php?rest_route=\/wp\/v2\/pages\/46\/revisions\/330"}],"wp:attachment":[{"href":"https:\/\/www.satzteam-bleifrei.de\/index.php?rest_route=%2Fwp%2Fv2%2Fmedia&parent=46"}],"curies":[{"name":"wp","href":"https:\/\/api.w.org\/{rel}","templated":true}]}}